{"id":39,"date":"2024-06-28T08:53:01","date_gmt":"2024-06-28T06:53:01","guid":{"rendered":"https:\/\/test.doodi.fr\/?page_id=39"},"modified":"2024-06-29T06:57:37","modified_gmt":"2024-06-29T04:57:37","slug":"a-propos","status":"publish","type":"page","link":"https:\/\/test.doodi.fr\/?page_id=39","title":{"rendered":"A propos"},"content":{"rendered":"\n<p>Vince est un photographe passionn\u00e9, sp\u00e9cialis\u00e9 dans la photographie sous-marine, mais dont le talent s&rsquo;\u00e9tend bien au-del\u00e0 des profondeurs oc\u00e9aniques. Avec plus de 5 ann\u00e9es d&rsquo;exp\u00e9rience, Vince a d\u00e9velopp\u00e9 une expertise unique qui lui permet de capturer la magie et la diversit\u00e9 de la vie sous-marine, tout en ma\u00eetrisant les techniques de photographie terrestre.<\/p>\n\n\n\n<p>Originaire de France, Vince a d\u00e9couvert sa passion pour la photographie d\u00e8s son plus jeune \u00e2ge. Fascin\u00e9 par la beaut\u00e9 du monde naturel, il a rapidement trouv\u00e9 sa vocation en combinant son amour de la mer et de l&rsquo;exploration visuelle. Immortalisant des sc\u00e8nes incroyables, allant des r\u00e9cifs coralliens vibrants aux cr\u00e9atures marines les plus insaisissables.<\/p>\n\n\n\n<p>Cependant, son talent ne se limite pas aux abysses. En tant que photographe polyvalent, Vince excelle \u00e9galement dans la capture de paysages \u00e9poustouflants, de faune terrestre et de portraits saisissants, offrant une perspective unique et artistique sur chaque sujet. Son travail a \u00e9t\u00e9 pr\u00e9sent\u00e9 dans diverses expositions internationales, t\u00e9moignant de sa reconnaissance dans le domaine de la photographie.<\/p>\n\n\n\n<p>Aujourd&rsquo;hui, Vince continue de repousser les limites de son art, en explorant de nouveaux lieux et en exp\u00e9rimentant des techniques innovantes. Son approche m\u00e9ticuleuse et sa sensibilit\u00e9 artistique lui permettent de cr\u00e9er des images qui inspirent, \u00e9duquent et \u00e9merveillent. \u00c0 travers ses photographies, Vince invite chacun \u00e0 d\u00e9couvrir la splendeur cach\u00e9e de notre plan\u00e8te, aussi bien sous l&rsquo;eau que sur terre.<\/p>\n","protected":false},"excerpt":{"rendered":"<p>Vince est un photographe passionn\u00e9, sp\u00e9cialis\u00e9 dans la photographie sous-marine, mais dont le talent s&rsquo;\u00e9tend bien au-del\u00e0 des profondeurs oc\u00e9aniques. Avec plus de 5 ann\u00e9es d&rsquo;exp\u00e9rience, Vince a d\u00e9velopp\u00e9 une expertise unique qui lui permet de capturer la magie et la diversit\u00e9 de la vie sous-marine, tout en ma\u00eetrisant les techniques de photographie terrestre. Originaire &hellip; <\/p>\n<p class=\"link-more\"><a href=\"https:\/\/test.doodi.fr\/?page_id=39\" class=\"more-link\">Lire la suite de<span class=\"screen-reader-text\">\u00ab\u00a0A propos\u00a0\u00bb<\/span><\/a><\/p>\n","protected":false},"author":1,"featured_media":0,"parent":0,"menu_order":0,"comment_status":"closed","ping_status":"closed","template":"","meta":{"footnotes":""},"class_list":["post-39","page","type-page","status-publish","hentry"],"_links":{"self":[{"href":"https:\/\/test.doodi.fr\/index.php?rest_route=\/wp\/v2\/pages\/39","targetHints":{"allow":["GET"]}}],"collection":[{"href":"https:\/\/test.doodi.fr\/index.php?rest_route=\/wp\/v2\/pages"}],"about":[{"href":"https:\/\/test.doodi.fr\/index.php?rest_route=\/wp\/v2\/types\/page"}],"author":[{"embeddable":true,"href":"https:\/\/test.doodi.fr\/index.php?rest_route=\/wp\/v2\/users\/1"}],"replies":[{"embeddable":true,"href":"https:\/\/test.doodi.fr\/index.php?rest_route=%2Fwp%2Fv2%2Fcomments&post=39"}],"version-history":[{"count":3,"href":"https:\/\/test.doodi.fr\/index.php?rest_route=\/wp\/v2\/pages\/39\/revisions"}],"predecessor-version":[{"id":114,"href":"https:\/\/test.doodi.fr\/index.php?rest_route=\/wp\/v2\/pages\/39\/revisions\/114"}],"wp:attachment":[{"href":"https:\/\/test.doodi.fr\/index.php?rest_route=%2Fwp%2Fv2%2Fmedia&parent=39"}],"curies":[{"name":"wp","href":"https:\/\/api.w.org\/{rel}","templated":true}]}}