{"id":33,"date":"2024-06-28T08:50:57","date_gmt":"2024-06-28T06:50:57","guid":{"rendered":"https:\/\/test.doodi.fr\/?page_id=33"},"modified":"2024-06-28T18:01:28","modified_gmt":"2024-06-28T16:01:28","slug":"acceuil","status":"publish","type":"page","link":"https:\/\/test.doodi.fr\/","title":{"rendered":"Accueil"},"content":{"rendered":"<style>.kb-row-layout-id33_d5389f-d6 > .kt-row-column-wrap{align-content:start;}:where(.kb-row-layout-id33_d5389f-d6 > .kt-row-column-wrap) > .wp-block-kadence-column{justify-content:start;}.kb-row-layout-id33_d5389f-d6 > .kt-row-column-wrap{column-gap:var(--global-kb-gap-md, 2rem);row-gap:var(--global-kb-gap-md, 2rem);max-width:950px;padding-top:var(--global-kb-spacing-sm, 1.5rem);padding-bottom:var(--global-kb-spacing-3xl, 6.5rem);grid-template-columns:minmax(0, 1fr);}.kb-row-layout-id33_d5389f-d6{background-color:var(--global-palette7, #EDF2F7);background-image:url('https:\/\/test.doodi.fr\/wp-content\/uploads\/2024\/06\/0PC210140-scaled.jpg');background-size:cover;background-position:50% 49%;background-attachment:scroll;background-repeat:no-repeat;}.kb-row-layout-id33_d5389f-d6 > .kt-row-layout-overlay{opacity:0.29;}.kb-row-layout-id33_d5389f-d6 .kt-row-layout-bottom-sep{height:110px;}.kb-row-layout-id33_d5389f-d6 .kt-row-layout-bottom-sep svg{width:100%;}.kb-row-layout-id33_d5389f-d6 .kt-row-layout-bottom-sep svg{fill:var(--global-palette9, #ffffff)!important;}.kb-row-layout-id33_d5389f-d6 .kt-row-layout-top-sep{height:500px;}.kb-row-layout-id33_d5389f-d6 .kt-row-layout-top-sep svg{width:229%;}.kb-row-layout-id33_d5389f-d6 .kt-row-layout-top-sep svg{fill:var(--global-palette9, #ffffff)!important;}@media all and (max-width: 1024px){.kb-row-layout-id33_d5389f-d6 > .kt-row-column-wrap{grid-template-columns:minmax(0, 1fr);}}@media all and (max-width: 1024px){.kb-row-layout-id33_d5389f-d6 .kt-row-layout-bottom-sep{height:px;}}@media all and (max-width: 1024px){.kb-row-layout-id33_d5389f-d6 .kt-row-layout-bottom-sep svg{width:%;}}@media all and (max-width: 767px){.kb-row-layout-id33_d5389f-d6 > .kt-row-column-wrap{grid-template-columns:minmax(0, 1fr);}.kb-row-layout-id33_d5389f-d6 .kt-row-layout-bottom-sep{height:px;}.kb-row-layout-id33_d5389f-d6 .kt-row-layout-bottom-sep svg{width:%;}}<\/style><div class=\"kb-row-layout-wrap kb-row-layout-id33_d5389f-d6 alignfull has-theme-palette7-background-color kt-row-has-bg wp-block-kadence-rowlayout\"><div class=\"kt-row-layout-bottom-sep kt-row-sep-type-wavei\"><svg viewBox=\"0 0 1000 100\" preserveAspectRatio=\"none\"><path d=\"M0,40c0,0 120.077,-38.076 250,-38c129.923,0.076 345.105,78 500,78c154.895,0 250,-30 250,-30l0,50l-1000,0l0,-60Z\" \/><\/svg><\/div><div class=\"kt-row-column-wrap kt-has-1-columns kt-row-layout-equal kt-tab-layout-inherit kt-mobile-layout-row kt-row-valign-top kb-theme-content-width\">\n<style>.kadence-column33_2226e8-b1 > .kt-inside-inner-col{display:flex;}.kadence-column33_2226e8-b1 > .kt-inside-inner-col{padding-top:var(--global-kb-spacing-xs, 1rem);padding-right:var(--global-kb-spacing-xs, 1rem);padding-bottom:var(--global-kb-spacing-xs, 1rem);padding-left:var(--global-kb-spacing-xs, 1rem);}.kadence-column33_2226e8-b1 > .kt-inside-inner-col{border-top:0px solid var(--global-palette1, #3182CE);border-right:0px solid var(--global-palette1, #3182CE);border-bottom:0px solid var(--global-palette1, #3182CE);border-left:0px solid var(--global-palette1, #3182CE);}.kadence-column33_2226e8-b1 > .kt-inside-inner-col,.kadence-column33_2226e8-b1 > .kt-inside-inner-col:before{border-top-left-radius:0px;border-top-right-radius:0px;border-bottom-right-radius:0px;border-bottom-left-radius:0px;}.kadence-column33_2226e8-b1 > .kt-inside-inner-col{column-gap:var(--global-kb-gap-sm, 1rem);}.kadence-column33_2226e8-b1 > .kt-inside-inner-col{flex-direction:column;justify-content:stretch;align-items:stretch;}.kadence-column33_2226e8-b1 > .kt-inside-inner-col > .kb-image-is-ratio-size{align-self:stretch;}.kadence-column33_2226e8-b1 > .kt-inside-inner-col > .aligncenter{width:100%;}.kt-row-column-wrap > .kadence-column33_2226e8-b1{align-self:center;}.kt-inner-column-height-full:not(.kt-has-1-columns) > .wp-block-kadence-column.kadence-column33_2226e8-b1{align-self:auto;}.kt-inner-column-height-full:not(.kt-has-1-columns) > .wp-block-kadence-column.kadence-column33_2226e8-b1 > .kt-inside-inner-col{flex-direction:column;justify-content:stretch;}.kadence-column33_2226e8-b1 > .kt-inside-inner-col:before{opacity:0.3;}.kadence-column33_2226e8-b1{text-align:left;}.kadence-column33_2226e8-b1{position:relative;}@media all and (max-width: 1024px){.kadence-column33_2226e8-b1 > .kt-inside-inner-col{border-top:0px solid var(--global-palette1, #3182CE);border-right:0px solid var(--global-palette1, #3182CE);border-bottom:0px solid var(--global-palette1, #3182CE);border-left:0px solid var(--global-palette1, #3182CE);flex-direction:column;align-items:stretch;}}@media all and (max-width: 767px){.kadence-column33_2226e8-b1 > .kt-inside-inner-col{border-top:0px solid var(--global-palette1, #3182CE);border-right:0px solid var(--global-palette1, #3182CE);border-bottom:0px solid var(--global-palette1, #3182CE);border-left:0px solid var(--global-palette1, #3182CE);flex-direction:column;align-items:stretch;}}<\/style>\n<div class=\"wp-block-kadence-column kadence-column33_2226e8-b1\"><div class=\"kt-inside-inner-col\"><style>.wp-block-kadence-advancedheading.kt-adv-heading33_d178f6-35, .wp-block-kadence-advancedheading.kt-adv-heading33_d178f6-35[data-kb-block=\"kb-adv-heading33_d178f6-35\"]{padding-top:var(--global-kb-spacing-xxs, 0.5rem);padding-right:var(--global-kb-spacing-xxs, 0.5rem);padding-bottom:var(--global-kb-spacing-xxs, 0.5rem);padding-left:var(--global-kb-spacing-xxs, 0.5rem);font-style:normal;color:var(--global-palette9, #ffffff);background-color:var(--global-palette1, #3182CE);border-top:0px solid var(--global-palette9, #ffffff);border-right:0px solid var(--global-palette9, #ffffff);border-bottom:0px solid var(--global-palette9, #ffffff);border-left:0px solid var(--global-palette9, #ffffff);}.wp-block-kadence-advancedheading.kt-adv-heading33_d178f6-35 mark, .wp-block-kadence-advancedheading.kt-adv-heading33_d178f6-35[data-kb-block=\"kb-adv-heading33_d178f6-35\"] mark{font-style:normal;color:#f76a0c;padding-top:0px;padding-right:0px;padding-bottom:0px;padding-left:0px;}@media all and (max-width: 1024px){.wp-block-kadence-advancedheading.kt-adv-heading33_d178f6-35, .wp-block-kadence-advancedheading.kt-adv-heading33_d178f6-35[data-kb-block=\"kb-adv-heading33_d178f6-35\"]{border-top:0px solid var(--global-palette9, #ffffff);border-right:0px solid var(--global-palette9, #ffffff);border-bottom:0px solid var(--global-palette9, #ffffff);border-left:0px solid var(--global-palette9, #ffffff);}}@media all and (max-width: 767px){.wp-block-kadence-advancedheading.kt-adv-heading33_d178f6-35, .wp-block-kadence-advancedheading.kt-adv-heading33_d178f6-35[data-kb-block=\"kb-adv-heading33_d178f6-35\"]{border-top:0px solid var(--global-palette9, #ffffff);border-right:0px solid var(--global-palette9, #ffffff);border-bottom:0px solid var(--global-palette9, #ffffff);border-left:0px solid var(--global-palette9, #ffffff);}}<\/style>\n<h2 class=\"kt-adv-heading33_d178f6-35 wp-block-kadence-advancedheading has-theme-palette-9-color has-text-color has-theme-palette-1-background-color has-background\" data-kb-block=\"kb-adv-heading33_d178f6-35\">Le monde de Vince Tux<\/h2>\n\n\n\n<p class=\"has-theme-palette-7-color has-text-color has-link-color wp-elements-9027848ba8152ebef6c41a0c393c005d\">Bienvenue sur le site de Vince Tux, votre expert en photographie sous-marine et bien plus encore.<\/p>\n\n\n\n<p class=\"has-theme-palette-7-color has-text-color has-link-color wp-elements-636c64753835b87ed1dcda250c4f8543\">Plongez dans un univers captivant o\u00f9 la beaut\u00e9 cach\u00e9e des profondeurs marines est r\u00e9v\u00e9l\u00e9e \u00e0 travers des images saisissantes.<\/p>\n\n\n\n<p class=\"has-theme-palette-7-color has-text-color has-link-color wp-elements-94529f5ed6f7d30a520d291988192642\">En tant que photographe polyvalent, je capture \u00e9galement des moments uniques sur terre, de la nature luxuriante aux portraits \u00e9mouvants.<\/p>\n\n\n\n<p class=\"has-theme-palette-7-color has-text-color has-link-color wp-elements-2a3d3062be11e8ec38b5bf69a64d39b0\">Explorez une galerie o\u00f9 chaque clich\u00e9 raconte une histoire, fusionnant art et technique pour offrir une vision extraordinaire du monde qui nous entoure, tant sous l&rsquo;eau qu&rsquo;\u00e0 la surface.<\/p>\n\n\n<style>.wp-block-kadence-advancedbtn.kb-btns33_18b0be-1e{gap:var(--global-kb-gap-xs, 0.5rem );justify-content:flex-start;align-items:center;}.kt-btns33_18b0be-1e .kt-button{font-weight:normal;font-style:normal;}.kt-btns33_18b0be-1e .kt-btn-wrap-0{margin-right:5px;}.wp-block-kadence-advancedbtn.kt-btns33_18b0be-1e .kt-btn-wrap-0 .kt-button{color:#555555;border-color:#555555;}.wp-block-kadence-advancedbtn.kt-btns33_18b0be-1e .kt-btn-wrap-0 .kt-button:hover, .wp-block-kadence-advancedbtn.kt-btns33_18b0be-1e .kt-btn-wrap-0 .kt-button:focus{color:#ffffff;border-color:#444444;}.wp-block-kadence-advancedbtn.kt-btns33_18b0be-1e .kt-btn-wrap-0 .kt-button::before{display:none;}.wp-block-kadence-advancedbtn.kt-btns33_18b0be-1e .kt-btn-wrap-0 .kt-button:hover, .wp-block-kadence-advancedbtn.kt-btns33_18b0be-1e .kt-btn-wrap-0 .kt-button:focus{background:#444444;}<\/style>\n<div class=\"wp-block-kadence-advancedbtn kb-buttons-wrap kb-btns33_18b0be-1e\"><style>ul.menu .wp-block-kadence-advancedbtn .kb-btn33_86b8c7-84.kb-button{width:initial;}@media all and (max-width: 1024px){.kb-btn33_86b8c7-84.kb-button .kb-svg-icon-wrap{display:block;}}<\/style><span class=\"kb-button kt-button button kb-btn33_86b8c7-84 kt-btn-size-standard kt-btn-width-type-auto kb-btn-global-fill kt-btn-has-text-true kt-btn-has-svg-false wp-block-kadence-singlebtn\"><span class=\"kt-btn-inner-text\">En savoir plus<\/span><\/span><\/div>\n<\/div><\/div>\n\n<\/div><\/div>","protected":false},"excerpt":{"rendered":"<p>Le monde de Vince Tux Bienvenue sur le site de Vince Tux, votre expert en photographie sous-marine et bien plus encore. Plongez dans un univers captivant o\u00f9 la beaut\u00e9 cach\u00e9e des profondeurs marines est r\u00e9v\u00e9l\u00e9e \u00e0 travers des images saisissantes. En tant que photographe polyvalent, je capture \u00e9galement des moments uniques sur terre, de la &hellip; <\/p>\n<p class=\"link-more\"><a href=\"https:\/\/test.doodi.fr\/\" class=\"more-link\">Lire la suite de<span class=\"screen-reader-text\">\u00ab\u00a0Accueil\u00a0\u00bb<\/span><\/a><\/p>\n","protected":false},"author":1,"featured_media":0,"parent":0,"menu_order":0,"comment_status":"closed","ping_status":"closed","template":"","meta":{"footnotes":""},"class_list":["post-33","page","type-page","status-publish","hentry"],"_links":{"self":[{"href":"https:\/\/test.doodi.fr\/index.php?rest_route=\/wp\/v2\/pages\/33","targetHints":{"allow":["GET"]}}],"collection":[{"href":"https:\/\/test.doodi.fr\/index.php?rest_route=\/wp\/v2\/pages"}],"about":[{"href":"https:\/\/test.doodi.fr\/index.php?rest_route=\/wp\/v2\/types\/page"}],"author":[{"embeddable":true,"href":"https:\/\/test.doodi.fr\/index.php?rest_route=\/wp\/v2\/users\/1"}],"replies":[{"embeddable":true,"href":"https:\/\/test.doodi.fr\/index.php?rest_route=%2Fwp%2Fv2%2Fcomments&post=33"}],"version-history":[{"count":37,"href":"https:\/\/test.doodi.fr\/index.php?rest_route=\/wp\/v2\/pages\/33\/revisions"}],"predecessor-version":[{"id":108,"href":"https:\/\/test.doodi.fr\/index.php?rest_route=\/wp\/v2\/pages\/33\/revisions\/108"}],"wp:attachment":[{"href":"https:\/\/test.doodi.fr\/index.php?rest_route=%2Fwp%2Fv2%2Fmedia&parent=33"}],"curies":[{"name":"wp","href":"https:\/\/api.w.org\/{rel}","templated":true}]}}